{"id":5737,"date":"2025-10-06T07:33:44","date_gmt":"2025-10-06T07:33:44","guid":{"rendered":"https:\/\/caracaselvendrell.com\/?page_id=5737"},"modified":"2025-10-06T07:53:43","modified_gmt":"2025-10-06T07:53:43","slug":"politica-privacidad","status":"publish","type":"page","link":"https:\/\/caracaselvendrell.com\/ca\/politica-privacidad\/","title":{"rendered":"Pol\u00edtica de Privacidad"},"content":{"rendered":"<div data-elementor-type=\"wp-page\" data-elementor-id=\"5737\" class=\"elementor elementor-5737\">\n\t\t\t\t<div class=\"elementor-element elementor-element-dea942c e-flex e-con-boxed e-con e-parent\" data-id=\"dea942c\" data-element_type=\"container\" data-e-type=\"container\">\n\t\t\t\t\t<div class=\"e-con-inner\">\n\t\t\t\t<div class=\"elementor-element elementor-element-988347b elementor-widget elementor-widget-text-editor\" data-id=\"988347b\" data-element_type=\"widget\" data-e-type=\"widget\" data-widget_type=\"text-editor.default\">\n\t\t\t\t\t\t\t\t\t<h1 data-start=\"228\" data-end=\"285\">Pol\u00edtica de Privacidad \u2013 Cafeter\u00eda Caracas del Vendrell<\/h1><p data-start=\"287\" data-end=\"619\">En <strong data-start=\"290\" data-end=\"324\">Cafeter\u00eda Caracas del Vendrell<\/strong> respetamos tu privacidad y nos comprometemos a proteger tus datos personales conforme a la normativa vigente en Espa\u00f1a y la Uni\u00f3n Europea, en particular el Reglamento (UE) 2016\/679 (RGPD) y la Ley Org\u00e1nica 3\/2018 de Protecci\u00f3n de Datos Personales y garant\u00eda de los derechos digitales (LOPDGDD).<\/p><p data-start=\"287\" data-end=\"619\">\u00a0<\/p><hr data-start=\"621\" data-end=\"624\" \/><h2 data-start=\"626\" data-end=\"659\">\u00a0<\/h2><h2 data-start=\"626\" data-end=\"659\">1. Responsable del tratamiento<\/h2><ul data-start=\"660\" data-end=\"917\"><li data-start=\"660\" data-end=\"716\"><p data-start=\"662\" data-end=\"716\"><strong data-start=\"662\" data-end=\"683\">Nombre comercial:<\/strong> Cafeter\u00eda Caracas del Vendrell<\/p><\/li><li data-start=\"717\" data-end=\"763\"><p data-start=\"719\" data-end=\"763\"><strong data-start=\"719\" data-end=\"735\">Dominio web:<\/strong> <a class=\"decorated-link\" href=\"https:\/\/caracaselvendrell.com\/ca\/\" target=\"_new\" rel=\"noopener\" data-start=\"736\" data-end=\"761\">www.caracaselvendrell.com<\/a><\/p><\/li><li data-start=\"764\" data-end=\"830\"><p data-start=\"766\" data-end=\"830\"><strong data-start=\"766\" data-end=\"801\">Correo electr\u00f3nico de contacto:<\/strong> <a class=\"decorated-link cursor-pointer\" rel=\"noopener\" data-start=\"802\" data-end=\"828\">info@caracaselvendrell.com<\/a><\/p><\/li><li data-start=\"831\" data-end=\"917\"><p data-start=\"833\" data-end=\"917\"><strong data-start=\"833\" data-end=\"854\">Domicilio social:<\/strong> <span class=\"w8qArf FoJoyf\">\u00a0<\/span><a tabindex=\"0\" href=\"https:\/\/www.google.com\/maps\/place\/\/data=!4m2!3m1!1s0x12a38b3a0591c94b:0x987e257a111df508?sa=X&amp;ved=1t:8290&amp;ictx=111\" data-url=\"\/maps\/place\/\/data=!4m2!3m1!1s0x12a38b3a0591c94b:0x987e257a111df508?sa=X&amp;ved=2ahUKEwjts5jBhoiQAxUW0AIHHXoNDi4Q4kB6BAgTEAA\" target=\"_blank\" rel=\"noopener\">Carretera de Sant Vicen\u00e7, 2, 43700 El Vendrell, Tarragona<\/a><\/p><\/li><\/ul><h2 data-start=\"924\" data-end=\"955\">2. Finalidad del tratamiento<\/h2><p data-start=\"956\" data-end=\"1148\">Los datos personales que el Usuario facilite a trav\u00e9s del Sitio Web (formularios de contacto, reservas, suscripci\u00f3n a boletines o cualquier otro medio habilitado) podr\u00e1n ser utilizados para:<\/p><ul data-start=\"1150\" data-end=\"1466\"><li data-start=\"1150\" data-end=\"1222\"><p data-start=\"1152\" data-end=\"1222\">Gestionar consultas, reservas o solicitudes enviadas por el Usuario.<\/p><\/li><li data-start=\"1223\" data-end=\"1302\"><p data-start=\"1225\" data-end=\"1302\">Proporcionar informaci\u00f3n sobre nuestros productos, servicios y promociones.<\/p><\/li><li data-start=\"1303\" data-end=\"1371\"><p data-start=\"1305\" data-end=\"1371\">Cumplir con obligaciones legales derivadas de nuestra actividad.<\/p><\/li><li data-start=\"1372\" data-end=\"1466\"><p data-start=\"1374\" data-end=\"1466\">Mejorar la experiencia de usuario en el Sitio Web mediante estad\u00edsticas y an\u00e1lisis de uso.<\/p><\/li><\/ul><hr data-start=\"1468\" data-end=\"1471\" \/><h2 data-start=\"1473\" data-end=\"1509\">\u00a0<\/h2><h2 data-start=\"1473\" data-end=\"1509\">3. Base legal para el tratamiento<\/h2><p data-start=\"1510\" data-end=\"1562\">El tratamiento de los datos personales se basa en:<\/p><ul data-start=\"1563\" data-end=\"1861\"><li data-start=\"1563\" data-end=\"1669\"><p data-start=\"1565\" data-end=\"1669\">El <strong data-start=\"1568\" data-end=\"1598\">consentimiento del Usuario<\/strong>, otorgado libremente al enviar formularios o aceptar comunicaciones.<\/p><\/li><li data-start=\"1670\" data-end=\"1762\"><p data-start=\"1672\" data-end=\"1762\">El <strong data-start=\"1675\" data-end=\"1715\">cumplimiento de obligaciones legales<\/strong> aplicables a Cafeter\u00eda Caracas del Vendrell.<\/p><\/li><li data-start=\"1763\" data-end=\"1861\"><p data-start=\"1765\" data-end=\"1861\">El <strong data-start=\"1768\" data-end=\"1788\">inter\u00e9s leg\u00edtimo<\/strong> en mejorar nuestros servicios y garantizar la seguridad del Sitio Web.<\/p><\/li><\/ul><hr data-start=\"1863\" data-end=\"1866\" \/><h2 data-start=\"1868\" data-end=\"1899\">\u00a0<\/h2><h2 data-start=\"1868\" data-end=\"1899\">4. Conservaci\u00f3n de los datos<\/h2><p data-start=\"1900\" data-end=\"2090\">Los datos se conservar\u00e1n \u00fanicamente durante el tiempo necesario para cumplir con la finalidad para la que fueron recabados, y siempre dentro de los plazos legales de conservaci\u00f3n exigidos.<\/p><hr data-start=\"2092\" data-end=\"2095\" \/><h2 data-start=\"2097\" data-end=\"2124\">\u00a0<\/h2><h2 data-start=\"2097\" data-end=\"2124\">5. Comunicaci\u00f3n de datos<\/h2><p data-start=\"2125\" data-end=\"2384\">Cafeter\u00eda Caracas del Vendrell no ceder\u00e1 datos personales a terceros, salvo obligaci\u00f3n legal o en los casos necesarios para la prestaci\u00f3n del servicio (por ejemplo, proveedores de alojamiento web o servicios tecnol\u00f3gicos, bajo contrato de confidencialidad).<\/p><hr data-start=\"2386\" data-end=\"2389\" \/><h2 data-start=\"2391\" data-end=\"2417\">\u00a0<\/h2><h2 data-start=\"2391\" data-end=\"2417\">6. Derechos del Usuario<\/h2><p data-start=\"2418\" data-end=\"2527\">El Usuario podr\u00e1 ejercer en cualquier momento los siguientes derechos en relaci\u00f3n con sus datos personales:<\/p><ul data-start=\"2529\" data-end=\"2793\"><li data-start=\"2529\" data-end=\"2565\"><p data-start=\"2531\" data-end=\"2565\"><strong data-start=\"2531\" data-end=\"2541\">Acceso<\/strong> a los datos tratados.<\/p><\/li><li data-start=\"2566\" data-end=\"2625\"><p data-start=\"2568\" data-end=\"2625\"><strong data-start=\"2568\" data-end=\"2585\">Rectificaci\u00f3n<\/strong> de los datos inexactos o incompletos.<\/p><\/li><li data-start=\"2626\" data-end=\"2664\"><p data-start=\"2628\" data-end=\"2664\"><strong data-start=\"2628\" data-end=\"2641\">Supresi\u00f3n<\/strong> (derecho al olvido).<\/p><\/li><li data-start=\"2665\" data-end=\"2700\"><p data-start=\"2667\" data-end=\"2700\"><strong data-start=\"2667\" data-end=\"2681\">Limitaci\u00f3n<\/strong> del tratamiento.<\/p><\/li><li data-start=\"2701\" data-end=\"2734\"><p data-start=\"2703\" data-end=\"2734\"><strong data-start=\"2703\" data-end=\"2716\">Oposici\u00f3n<\/strong> al tratamiento.<\/p><\/li><li data-start=\"2735\" data-end=\"2793\"><p data-start=\"2737\" data-end=\"2793\"><strong data-start=\"2737\" data-end=\"2753\">Portabilidad<\/strong> de sus datos en formato estructurado.<\/p><\/li><\/ul><p data-start=\"2795\" data-end=\"2960\">Para ejercer estos derechos, el Usuario podr\u00e1 enviar una solicitud a <strong data-start=\"2864\" data-end=\"2894\"><a class=\"decorated-link cursor-pointer\" rel=\"noopener\" data-start=\"2866\" data-end=\"2892\">info@caracaselvendrell.com<\/a><\/strong>, acompa\u00f1ada de copia de un documento acreditativo de identidad.<\/p><hr data-start=\"2962\" data-end=\"2965\" \/><h2 data-start=\"2967\" data-end=\"2993\">\u00a0<\/h2><h2 data-start=\"2967\" data-end=\"2993\">7. Medidas de seguridad<\/h2><p data-start=\"2994\" data-end=\"3161\">Cafeter\u00eda Caracas del Vendrell aplica medidas t\u00e9cnicas y organizativas adecuadas para garantizar la seguridad, integridad y confidencialidad de los datos personales.<\/p><hr data-start=\"3163\" data-end=\"3166\" \/><h2 data-start=\"3168\" data-end=\"3210\">\u00a0<\/h2><h2 data-start=\"3168\" data-end=\"3210\">8. Cambios en la Pol\u00edtica de Privacidad<\/h2><p data-start=\"3211\" data-end=\"3373\">Esta pol\u00edtica podr\u00e1 ser actualizada para adaptarse a cambios normativos o de funcionamiento del Sitio Web. Cualquier modificaci\u00f3n ser\u00e1 publicada en esta p\u00e1gina.<\/p>\t\t\t\t\t\t\t\t<\/div>\n\t\t\t\t\t<\/div>\n\t\t\t\t<\/div>\n\t\t\t\t<\/div>","protected":false},"excerpt":{"rendered":"<p>Pol\u00edtica de Privacidad \u2013 Cafeter\u00eda Caracas del Vendrell En Cafeter\u00eda Caracas del Vendrell respetamos tu privacidad y nos comprometemos a proteger tus datos personales conforme a la normativa vigente en Espa\u00f1a y la Uni\u00f3n Europea, en particular el Reglamento (UE) 2016\/679 (RGPD) y la Ley Org\u00e1nica 3\/2018 de Protecci\u00f3n de Datos Personales y garant\u00eda de [&hellip;]<\/p>\n","protected":false},"author":1,"featured_media":0,"parent":0,"menu_order":0,"comment_status":"closed","ping_status":"closed","template":"","meta":{"footnotes":""},"class_list":["post-5737","page","type-page","status-publish","hentry"],"_links":{"self":[{"href":"https:\/\/caracaselvendrell.com\/ca\/wp-json\/wp\/v2\/pages\/5737","targetHints":{"allow":["GET"]}}],"collection":[{"href":"https:\/\/caracaselvendrell.com\/ca\/wp-json\/wp\/v2\/pages"}],"about":[{"href":"https:\/\/caracaselvendrell.com\/ca\/wp-json\/wp\/v2\/types\/page"}],"author":[{"embeddable":true,"href":"https:\/\/caracaselvendrell.com\/ca\/wp-json\/wp\/v2\/users\/1"}],"replies":[{"embeddable":true,"href":"https:\/\/caracaselvendrell.com\/ca\/wp-json\/wp\/v2\/comments?post=5737"}],"version-history":[{"count":4,"href":"https:\/\/caracaselvendrell.com\/ca\/wp-json\/wp\/v2\/pages\/5737\/revisions"}],"predecessor-version":[{"id":6112,"href":"https:\/\/caracaselvendrell.com\/ca\/wp-json\/wp\/v2\/pages\/5737\/revisions\/6112"}],"wp:attachment":[{"href":"https:\/\/caracaselvendrell.com\/ca\/wp-json\/wp\/v2\/media?parent=5737"}],"curies":[{"name":"wp","href":"https:\/\/api.w.org\/{rel}","templated":true}]}}