{"id":5746,"date":"2025-10-06T07:48:16","date_gmt":"2025-10-06T07:48:16","guid":{"rendered":"https:\/\/caracaselvendrell.com\/?page_id=5746"},"modified":"2025-10-06T07:50:44","modified_gmt":"2025-10-06T07:50:44","slug":"aviso-legal","status":"publish","type":"page","link":"https:\/\/caracaselvendrell.com\/ca\/aviso-legal\/","title":{"rendered":"Aviso Legal"},"content":{"rendered":"<div data-elementor-type=\"wp-page\" data-elementor-id=\"5746\" class=\"elementor elementor-5746\">\n\t\t\t\t<div class=\"elementor-element elementor-element-dea942c e-flex e-con-boxed e-con e-parent\" data-id=\"dea942c\" data-element_type=\"container\" data-e-type=\"container\">\n\t\t\t\t\t<div class=\"e-con-inner\">\n\t\t\t\t<div class=\"elementor-element elementor-element-988347b elementor-widget elementor-widget-text-editor\" data-id=\"988347b\" data-element_type=\"widget\" data-e-type=\"widget\" data-widget_type=\"text-editor.default\">\n\t\t\t\t\t\t\t\t\t<h1 data-start=\"228\" data-end=\"274\">Aviso Legal \u2013 Cafeter\u00eda Caracas del Vendrell<\/h1><p data-start=\"276\" data-end=\"643\">En el presente Aviso Legal, el Usuario podr\u00e1 encontrar toda la informaci\u00f3n relativa a las condiciones legales que definen las relaciones entre los usuarios y el responsable de la p\u00e1gina web accesible en la direcci\u00f3n URL <strong data-start=\"496\" data-end=\"525\"><a class=\"decorated-link\" href=\"https:\/\/caracaselvendrell.com\/ca\/\" target=\"_new\" rel=\"noopener\" data-start=\"498\" data-end=\"523\">www.caracaselvendrell.com<\/a><\/strong> (en adelante, el Sitio Web), que <strong data-start=\"559\" data-end=\"593\">Cafeter\u00eda Caracas del Vendrell<\/strong> pone a disposici\u00f3n de los usuarios de Internet.<\/p><p data-start=\"645\" data-end=\"982\">La utilizaci\u00f3n del Sitio Web implica la aceptaci\u00f3n plena y sin reservas de todas y cada una de las disposiciones incluidas en este Aviso Legal. El Usuario debe leer atentamente este documento en cada ocasi\u00f3n en que utilice el Sitio Web, ya que puede sufrir modificaciones derivadas de cambios legislativos o de la pr\u00e1ctica empresarial.<\/p><hr data-start=\"984\" data-end=\"987\" \/><h2 data-start=\"989\" data-end=\"1038\">\u00a0<\/h2><h2 data-start=\"989\" data-end=\"1038\">1. Datos del responsable titular del Sitio Web<\/h2><ul data-start=\"1039\" data-end=\"1296\"><li data-start=\"1039\" data-end=\"1095\"><p data-start=\"1041\" data-end=\"1095\"><strong data-start=\"1041\" data-end=\"1062\">Nombre comercial:<\/strong> Cafeter\u00eda Caracas del Vendrell<\/p><\/li><li data-start=\"1096\" data-end=\"1182\"><p data-start=\"1098\" data-end=\"1182\"><strong data-start=\"1098\" data-end=\"1119\">Domicilio social:<\/strong> <a tabindex=\"0\" href=\"https:\/\/www.google.com\/maps\/place\/\/data=!4m2!3m1!1s0x12a38b3a0591c94b:0x987e257a111df508?sa=X&amp;ved=1t:8290&amp;ictx=111\" data-url=\"\/maps\/place\/\/data=!4m2!3m1!1s0x12a38b3a0591c94b:0x987e257a111df508?sa=X&amp;ved=2ahUKEwjts5jBhoiQAxUW0AIHHXoNDi4Q4kB6BAgTEAA\" target=\"_blank\" rel=\"noopener\">Carretera de Sant Vicen\u00e7, 2, 43700 El Vendrell, Tarragona<\/a><\/p><\/li><li data-start=\"1183\" data-end=\"1249\"><p data-start=\"1185\" data-end=\"1249\"><strong data-start=\"1185\" data-end=\"1220\">Correo electr\u00f3nico de contacto:<\/strong> <a class=\"decorated-link cursor-pointer\" rel=\"noopener\" data-start=\"1221\" data-end=\"1247\">info@caracaselvendrell.com<\/a><\/p><\/li><li data-start=\"1250\" data-end=\"1296\"><p data-start=\"1252\" data-end=\"1296\"><strong data-start=\"1252\" data-end=\"1268\">Dominio web:<\/strong> <a class=\"decorated-link\" href=\"https:\/\/caracaselvendrell.com\/ca\/\" target=\"_new\" rel=\"noopener\" data-start=\"1269\" data-end=\"1294\">www.caracaselvendrell.com<\/a><\/p><\/li><\/ul><p data-start=\"1298\" data-end=\"1465\">Cafeter\u00eda Caracas del Vendrell se compromete a cumplir con la normativa espa\u00f1ola y europea relativa al uso de datos personales de los usuarios y servicios digitales.<\/p><hr data-start=\"1467\" data-end=\"1470\" \/><h2 data-start=\"1472\" data-end=\"1486\">\u00a0<\/h2><h2 data-start=\"1472\" data-end=\"1486\">2. Objeto<\/h2><p data-start=\"1487\" data-end=\"1618\">El Sitio Web facilita a los usuarios el acceso a informaci\u00f3n, productos y servicios ofrecidos por Cafeter\u00eda Caracas del Vendrell.<\/p><p data-start=\"1487\" data-end=\"1618\">\u00a0<\/p><hr data-start=\"1620\" data-end=\"1623\" \/><h2 data-start=\"1625\" data-end=\"1663\">\u00a0<\/h2><h2 data-start=\"1625\" data-end=\"1663\">3. Acceso y utilizaci\u00f3n de la web<\/h2><ul data-start=\"1664\" data-end=\"1858\"><li data-start=\"1664\" data-end=\"1721\"><p data-start=\"1666\" data-end=\"1721\">El acceso al Sitio Web es gratuito para los usuarios.<\/p><\/li><li data-start=\"1722\" data-end=\"1858\"><p data-start=\"1724\" data-end=\"1858\">El Usuario se compromete a no utilizar los contenidos con fines il\u00edcitos, contrarios a la normativa vigente o lesivos para terceros.<\/p><\/li><\/ul><hr data-start=\"1860\" data-end=\"1863\" \/><h2 data-start=\"1865\" data-end=\"1897\">\u00a0<\/h2><h2 data-start=\"1865\" data-end=\"1897\">4. Contenidos del Sitio Web<\/h2><p data-start=\"1898\" data-end=\"2106\">Cafeter\u00eda Caracas del Vendrell podr\u00e1 modificar los contenidos sin previo aviso, as\u00ed como suprimirlos o cambiar su acceso. Se proh\u00edbe el uso de los contenidos para fines comerciales sin autorizaci\u00f3n expresa.<\/p><p data-start=\"1898\" data-end=\"2106\">\u00a0<\/p><hr data-start=\"2108\" data-end=\"2111\" \/><h2 data-start=\"2113\" data-end=\"2155\">\u00a0<\/h2><h2 data-start=\"2113\" data-end=\"2155\">5. Propiedad intelectual e industrial<\/h2><p data-start=\"2156\" data-end=\"2386\">Todos los contenidos del Sitio Web (textos, im\u00e1genes, logotipos, dise\u00f1o, etc.) son propiedad de Cafeter\u00eda Caracas del Vendrell o de terceros autorizados, estando protegidos por la normativa de propiedad intelectual e industrial.<\/p><p data-start=\"2156\" data-end=\"2386\">\u00a0<\/p><hr data-start=\"2388\" data-end=\"2391\" \/><h2 data-start=\"2393\" data-end=\"2430\">\u00a0<\/h2><h2 data-start=\"2393\" data-end=\"2430\">6. Limitaci\u00f3n de responsabilidad<\/h2><p data-start=\"2431\" data-end=\"2572\">El uso del Sitio Web es responsabilidad exclusiva del Usuario. Cafeter\u00eda Caracas del Vendrell no se hace responsable de da\u00f1os derivados de:<\/p><ul data-start=\"2573\" data-end=\"2711\"><li data-start=\"2573\" data-end=\"2615\"><p data-start=\"2575\" data-end=\"2615\">Fallos t\u00e9cnicos en el acceso a la web.<\/p><\/li><li data-start=\"2616\" data-end=\"2665\"><p data-start=\"2618\" data-end=\"2665\">Presencia de virus u otros elementos da\u00f1inos.<\/p><\/li><li data-start=\"2666\" data-end=\"2711\"><p data-start=\"2668\" data-end=\"2711\">Uso indebido de la informaci\u00f3n contenida.<\/p><\/li><\/ul><hr data-start=\"2713\" data-end=\"2716\" \/><h2 data-start=\"2718\" data-end=\"2745\">\u00a0<\/h2><h2 data-start=\"2718\" data-end=\"2745\">7. Pol\u00edtica de cookies<\/h2><p data-start=\"2746\" data-end=\"2917\">El Sitio Web utiliza cookies propias y de terceros para mejorar la experiencia de navegaci\u00f3n. El Usuario puede consultar la <strong data-start=\"2870\" data-end=\"2893\">Pol\u00edtica de Cookies<\/strong> para m\u00e1s informaci\u00f3n.<\/p><p data-start=\"2746\" data-end=\"2917\">\u00a0<\/p><hr data-start=\"2919\" data-end=\"2922\" \/><h2 data-start=\"2924\" data-end=\"2968\">\u00a0<\/h2><h2 data-start=\"2924\" data-end=\"2968\">8. Legislaci\u00f3n y jurisdicci\u00f3n aplicable<\/h2><p data-start=\"2969\" data-end=\"3173\">El presente Aviso Legal se rige por la legislaci\u00f3n espa\u00f1ola. En caso de disputa, ambas partes se someten a los Juzgados y Tribunales de Tarragona, salvo que la normativa aplicable establezca otro fuero.<\/p>\t\t\t\t\t\t\t\t<\/div>\n\t\t\t\t\t<\/div>\n\t\t\t\t<\/div>\n\t\t\t\t<\/div>","protected":false},"excerpt":{"rendered":"<p>Aviso Legal \u2013 Cafeter\u00eda Caracas del Vendrell En el presente Aviso Legal, el Usuario podr\u00e1 encontrar toda la informaci\u00f3n relativa a las condiciones legales que definen las relaciones entre los usuarios y el responsable de la p\u00e1gina web accesible en la direcci\u00f3n URL www.caracaselvendrell.com (en adelante, el Sitio Web), que Cafeter\u00eda Caracas del Vendrell pone [&hellip;]<\/p>\n","protected":false},"author":1,"featured_media":0,"parent":0,"menu_order":0,"comment_status":"closed","ping_status":"closed","template":"","meta":{"footnotes":""},"class_list":["post-5746","page","type-page","status-publish","hentry"],"_links":{"self":[{"href":"https:\/\/caracaselvendrell.com\/ca\/wp-json\/wp\/v2\/pages\/5746","targetHints":{"allow":["GET"]}}],"collection":[{"href":"https:\/\/caracaselvendrell.com\/ca\/wp-json\/wp\/v2\/pages"}],"about":[{"href":"https:\/\/caracaselvendrell.com\/ca\/wp-json\/wp\/v2\/types\/page"}],"author":[{"embeddable":true,"href":"https:\/\/caracaselvendrell.com\/ca\/wp-json\/wp\/v2\/users\/1"}],"replies":[{"embeddable":true,"href":"https:\/\/caracaselvendrell.com\/ca\/wp-json\/wp\/v2\/comments?post=5746"}],"version-history":[{"count":4,"href":"https:\/\/caracaselvendrell.com\/ca\/wp-json\/wp\/v2\/pages\/5746\/revisions"}],"predecessor-version":[{"id":6114,"href":"https:\/\/caracaselvendrell.com\/ca\/wp-json\/wp\/v2\/pages\/5746\/revisions\/6114"}],"wp:attachment":[{"href":"https:\/\/caracaselvendrell.com\/ca\/wp-json\/wp\/v2\/media?parent=5746"}],"curies":[{"name":"wp","href":"https:\/\/api.w.org\/{rel}","templated":true}]}}