{"id":5751,"date":"2025-10-06T09:57:14","date_gmt":"2025-10-06T09:57:14","guid":{"rendered":"https:\/\/caracaselvendrell.com\/?page_id=5751"},"modified":"2025-10-06T09:57:16","modified_gmt":"2025-10-06T09:57:16","slug":"politica-cookies","status":"publish","type":"page","link":"https:\/\/caracaselvendrell.com\/ca\/politica-cookies\/","title":{"rendered":"Pol\u00edtica de Cookies"},"content":{"rendered":"<div data-elementor-type=\"wp-page\" data-elementor-id=\"5751\" class=\"elementor elementor-5751\">\n\t\t\t\t<div class=\"elementor-element elementor-element-dea942c e-flex e-con-boxed e-con e-parent\" data-id=\"dea942c\" data-element_type=\"container\" data-e-type=\"container\">\n\t\t\t\t\t<div class=\"e-con-inner\">\n\t\t\t\t<div class=\"elementor-element elementor-element-988347b elementor-widget elementor-widget-text-editor\" data-id=\"988347b\" data-element_type=\"widget\" data-e-type=\"widget\" data-widget_type=\"text-editor.default\">\n\t\t\t\t\t\t\t\t\t<h1 data-start=\"240\" data-end=\"294\">Pol\u00edtica de Cookies \u2013 Cafeter\u00eda Caracas del Vendrell<\/h1>\n<p>\u00a0<\/p>\n<p data-start=\"296\" data-end=\"576\">En cumplimiento con el art\u00edculo 22.2 de la Ley 34\/2002 de Servicios de la Sociedad de la Informaci\u00f3n y Comercio Electr\u00f3nico (LSSI-CE), Cafeter\u00eda Caracas del Vendrell (en adelante, \u201cel Sitio Web\u201d) informa al usuario sobre el uso de cookies, y le permite elegir qu\u00e9 cookies aceptar.<\/p>\n<p data-start=\"296\" data-end=\"576\">\u00a0<\/p>\n<hr data-start=\"578\" data-end=\"581\" \/>\n<h2 data-start=\"583\" data-end=\"610\">\u00a0<\/h2>\n<h2 data-start=\"583\" data-end=\"610\">1. \u00bfQu\u00e9 son las cookies?<\/h2>\n<p data-start=\"612\" data-end=\"848\">Las cookies son peque\u00f1os archivos de texto que se almacenan en tu navegador al visitar ciertas p\u00e1ginas web. Su objetivo es recordar tus preferencias, mejorar la navegaci\u00f3n, generar estad\u00edsticas o permitir funciones esenciales del Sitio.<\/p>\n<p data-start=\"612\" data-end=\"848\">\u00a0<\/p>\n<hr data-start=\"850\" data-end=\"853\" \/>\n<h2 data-start=\"855\" data-end=\"894\">\u00a0<\/h2>\n<h2 data-start=\"855\" data-end=\"894\">2. \u00bfQu\u00e9 tipos de cookies utilizamos?<\/h2>\n<p data-start=\"896\" data-end=\"942\">En <strong data-start=\"899\" data-end=\"924\">caracaselvendrell.com<\/strong> podemos utilizar:<\/p>\n<ul data-start=\"944\" data-end=\"1443\">\n<li data-start=\"944\" data-end=\"1082\">\n<p data-start=\"946\" data-end=\"1082\"><strong data-start=\"946\" data-end=\"966\">Cookies t\u00e9cnicas<\/strong>: necesarias para el funcionamiento b\u00e1sico del Sitio Web (ej. mantener sesi\u00f3n iniciada, navegaci\u00f3n entre p\u00e1ginas).<\/p>\n<\/li>\n<li data-start=\"1083\" data-end=\"1178\">\n<p data-start=\"1085\" data-end=\"1178\"><strong data-start=\"1085\" data-end=\"1115\">Cookies de personalizaci\u00f3n<\/strong>: para recordar tus elecciones (idioma, regi\u00f3n, tema visual).<\/p>\n<\/li>\n<li data-start=\"1179\" data-end=\"1286\">\n<p data-start=\"1181\" data-end=\"1286\"><strong data-start=\"1181\" data-end=\"1203\">Cookies anal\u00edticas<\/strong>: para conocer c\u00f3mo interact\u00faas con el sitio (por ejemplo, con Google Analytics).<\/p>\n<\/li>\n<li data-start=\"1287\" data-end=\"1443\">\n<p data-start=\"1289\" data-end=\"1443\"><strong data-start=\"1289\" data-end=\"1329\">Cookies de redes sociales \/ externas<\/strong>: si el Sitio integra botones de compartir o incrusta contenido (como v\u00eddeos), terceros pueden establecer cookies.<\/p>\n<\/li>\n<\/ul>\n<hr data-start=\"1445\" data-end=\"1448\" \/>\n<h2 data-start=\"1450\" data-end=\"1490\">\u00a0<\/h2>\n<h2 data-start=\"1450\" data-end=\"1490\">3. Gesti\u00f3n y desactivaci\u00f3n de cookies<\/h2>\n<p data-start=\"1492\" data-end=\"1606\">Puedes configurar tu navegador para aceptar, bloquear o eliminar cookies. A continuaci\u00f3n algunos enlaces de ayuda:<\/p>\n<ul data-start=\"1608\" data-end=\"1983\">\n<li data-start=\"1608\" data-end=\"1674\">\n<p data-start=\"1610\" data-end=\"1674\"><a class=\"decorated-link cursor-pointer\" target=\"_new\" rel=\"noopener\" data-start=\"1610\" data-end=\"1672\">Chrome<\/a><\/p>\n<\/li>\n<li data-start=\"1675\" data-end=\"1767\">\n<p data-start=\"1677\" data-end=\"1767\"><a class=\"decorated-link cursor-pointer\" target=\"_new\" rel=\"noopener\" data-start=\"1677\" data-end=\"1765\">Firefox<\/a><\/p>\n<\/li>\n<li data-start=\"1768\" data-end=\"1840\">\n<p data-start=\"1770\" data-end=\"1840\"><a class=\"decorated-link cursor-pointer\" target=\"_new\" rel=\"noopener\" data-start=\"1770\" data-end=\"1838\">Safari<\/a><\/p>\n<\/li>\n<li data-start=\"1841\" data-end=\"1983\">\n<p data-start=\"1843\" data-end=\"1983\"><a class=\"decorated-link cursor-pointer\" target=\"_new\" rel=\"noopener\" data-start=\"1843\" data-end=\"1983\">Microsoft Edge<\/a><\/p>\n<\/li>\n<\/ul>\n<p data-start=\"1985\" data-end=\"2091\">Ten en cuenta que desactivar cookies puede afectar la funcionalidad del sitio o tu experiencia de usuario.<\/p>\n<hr data-start=\"2093\" data-end=\"2096\" \/>\n<h2 data-start=\"2098\" data-end=\"2131\">\u00a0<\/h2>\n<h2 data-start=\"2098\" data-end=\"2131\">4. Consentimiento y aceptaci\u00f3n<\/h2>\n<p data-start=\"2133\" data-end=\"2382\">Al seguir navegando por <strong data-start=\"2157\" data-end=\"2182\">caracaselvendrell.com<\/strong>, aceptas el uso de cookies conforme a esta pol\u00edtica. Puedes modificar tus preferencias en cualquier momento mediante la configuraci\u00f3n del navegador o mediante botones de \u201cAceptar \/ Rechazar cookies\u201d.<\/p>\n<hr data-start=\"2384\" data-end=\"2387\" \/>\n<h2 data-start=\"2389\" data-end=\"2428\">\u00a0<\/h2>\n<h2 data-start=\"2389\" data-end=\"2428\">5. Cambios en la Pol\u00edtica de Cookies<\/h2>\n<p data-start=\"2430\" data-end=\"2599\">Cafeter\u00eda Caracas del Vendrell se reserva el derecho de actualizar esta pol\u00edtica. Si hay cambios significativos, se informar\u00e1 debidamente mediante aviso en el sitio web.<\/p>\n<hr data-start=\"2601\" data-end=\"2604\" \/>\n<h2 data-start=\"2606\" data-end=\"2620\">\u00a0<\/h2>\n<h2 data-start=\"2606\" data-end=\"2620\">6. Contacto<\/h2>\n<p data-start=\"2622\" data-end=\"2705\">Para cualquier duda respecto a nuestra pol\u00edtica de cookies, puedes contactarnos en:<\/p>\n<p data-start=\"2707\" data-end=\"2757\">Correo electr\u00f3nico: <strong data-start=\"2727\" data-end=\"2757\"><a class=\"decorated-link cursor-pointer\" rel=\"noopener\" data-start=\"2729\" data-end=\"2755\">info@caracaselvendrell.com<\/a><\/strong><\/p>\t\t\t\t\t\t\t\t<\/div>\n\t\t\t\t\t<\/div>\n\t\t\t\t<\/div>\n\t\t\t\t<\/div>","protected":false},"excerpt":{"rendered":"<p>Pol\u00edtica de Cookies \u2013 Cafeter\u00eda Caracas del Vendrell \u00a0 En cumplimiento con el art\u00edculo 22.2 de la Ley 34\/2002 de Servicios de la Sociedad de la Informaci\u00f3n y Comercio Electr\u00f3nico (LSSI-CE), Cafeter\u00eda Caracas del Vendrell (en adelante, \u201cel Sitio Web\u201d) informa al usuario sobre el uso de cookies, y le permite elegir qu\u00e9 cookies aceptar. [&hellip;]<\/p>\n","protected":false},"author":1,"featured_media":0,"parent":0,"menu_order":0,"comment_status":"closed","ping_status":"closed","template":"","meta":{"footnotes":""},"class_list":["post-5751","page","type-page","status-publish","hentry"],"_links":{"self":[{"href":"https:\/\/caracaselvendrell.com\/ca\/wp-json\/wp\/v2\/pages\/5751","targetHints":{"allow":["GET"]}}],"collection":[{"href":"https:\/\/caracaselvendrell.com\/ca\/wp-json\/wp\/v2\/pages"}],"about":[{"href":"https:\/\/caracaselvendrell.com\/ca\/wp-json\/wp\/v2\/types\/page"}],"author":[{"embeddable":true,"href":"https:\/\/caracaselvendrell.com\/ca\/wp-json\/wp\/v2\/users\/1"}],"replies":[{"embeddable":true,"href":"https:\/\/caracaselvendrell.com\/ca\/wp-json\/wp\/v2\/comments?post=5751"}],"version-history":[{"count":3,"href":"https:\/\/caracaselvendrell.com\/ca\/wp-json\/wp\/v2\/pages\/5751\/revisions"}],"predecessor-version":[{"id":6113,"href":"https:\/\/caracaselvendrell.com\/ca\/wp-json\/wp\/v2\/pages\/5751\/revisions\/6113"}],"wp:attachment":[{"href":"https:\/\/caracaselvendrell.com\/ca\/wp-json\/wp\/v2\/media?parent=5751"}],"curies":[{"name":"wp","href":"https:\/\/api.w.org\/{rel}","templated":true}]}}