{"id":5757,"date":"2025-10-06T07:54:55","date_gmt":"2025-10-06T07:54:55","guid":{"rendered":"https:\/\/caracaselvendrell.com\/?page_id=5757"},"modified":"2025-10-06T07:58:01","modified_gmt":"2025-10-06T07:58:01","slug":"declaracion-accesibilidad","status":"publish","type":"page","link":"https:\/\/caracaselvendrell.com\/ca\/declaracion-accesibilidad\/","title":{"rendered":"Declaraci\u00f3n de Accesibilidad"},"content":{"rendered":"<div data-elementor-type=\"wp-page\" data-elementor-id=\"5757\" class=\"elementor elementor-5757\">\n\t\t\t\t<div class=\"elementor-element elementor-element-dea942c e-flex e-con-boxed e-con e-parent\" data-id=\"dea942c\" data-element_type=\"container\" data-e-type=\"container\">\n\t\t\t\t\t<div class=\"e-con-inner\">\n\t\t\t\t<div class=\"elementor-element elementor-element-988347b elementor-widget elementor-widget-text-editor\" data-id=\"988347b\" data-element_type=\"widget\" data-e-type=\"widget\" data-widget_type=\"text-editor.default\">\n\t\t\t\t\t\t\t\t\t<h1 data-start=\"205\" data-end=\"268\">Declaraci\u00f3n de Accesibilidad \u2013 Cafeter\u00eda Caracas del Vendrell<\/h1><p data-start=\"270\" data-end=\"536\">La entidad <strong data-start=\"281\" data-end=\"315\">Cafeter\u00eda Caracas del Vendrell<\/strong> se ha comprometido a hacer accesible su sitio web de conformidad con el <strong data-start=\"388\" data-end=\"414\">Real Decreto 1112\/2018<\/strong>, de 7 de septiembre, sobre accesibilidad de los sitios web y aplicaciones para dispositivos m\u00f3viles del sector p\u00fablico.<\/p><p data-start=\"538\" data-end=\"638\">La presente declaraci\u00f3n de accesibilidad se aplica al sitio web: <strong data-start=\"603\" data-end=\"636\"><a class=\"decorated-link\" href=\"https:\/\/caracaselvendrell.com\/ca\/\" target=\"_new\" rel=\"noopener\" data-start=\"605\" data-end=\"634\">https:\/\/caracaselvendrell.com<\/a><\/strong><\/p><p data-start=\"538\" data-end=\"638\">\u00a0<\/p><hr data-start=\"640\" data-end=\"643\" \/><h2 data-start=\"645\" data-end=\"673\">\u00a0<\/h2><h2 data-start=\"645\" data-end=\"673\">Situaci\u00f3n de cumplimiento<\/h2><p data-start=\"674\" data-end=\"839\">Este sitio web es <strong data-start=\"692\" data-end=\"717\">parcialmente conforme<\/strong> con el RD 1112\/2018 debido a las excepciones y a la falta de conformidad de los aspectos que se indican a continuaci\u00f3n.<\/p><p data-start=\"674\" data-end=\"839\">\u00a0<\/p><hr data-start=\"841\" data-end=\"844\" \/><h2 data-start=\"846\" data-end=\"871\">\u00a0<\/h2><h2 data-start=\"846\" data-end=\"871\">Contenido no accesible<\/h2><h3 data-start=\"873\" data-end=\"917\">Falta de conformidad con el RD 1112\/2018<\/h3><ul data-start=\"918\" data-end=\"1578\"><li data-start=\"918\" data-end=\"1001\"><p data-start=\"920\" data-end=\"1001\">Puede haber im\u00e1genes o logotipos con texto alternativo inadecuado o incompleto.<\/p><\/li><li data-start=\"1002\" data-end=\"1066\"><p data-start=\"1004\" data-end=\"1066\">Pueden existir tablas o listas no etiquetadas correctamente.<\/p><\/li><li data-start=\"1067\" data-end=\"1152\"><p data-start=\"1069\" data-end=\"1152\">Algunos formularios podr\u00edan carecer de etiquetas visibles o instrucciones claras.<\/p><\/li><li data-start=\"1153\" data-end=\"1237\"><p data-start=\"1155\" data-end=\"1237\">Ciertos elementos de navegaci\u00f3n pueden no ser accesibles \u00fanicamente con teclado.<\/p><\/li><li data-start=\"1238\" data-end=\"1311\"><p data-start=\"1240\" data-end=\"1311\">Puede haber enlaces con descripciones poco espec\u00edficas o repetitivas.<\/p><\/li><li data-start=\"1312\" data-end=\"1371\"><p data-start=\"1314\" data-end=\"1371\">Algunos contenidos no est\u00e1n traducidos a otros idiomas.<\/p><\/li><li data-start=\"1372\" data-end=\"1450\"><p data-start=\"1374\" data-end=\"1450\">Podr\u00edan existir mensajes de error poco claros en determinados formularios.<\/p><\/li><li data-start=\"1451\" data-end=\"1578\"><p data-start=\"1453\" data-end=\"1578\">Algunas p\u00e1ginas podr\u00edan presentar errores de marcado HTML que dificulten la interpretaci\u00f3n por parte de productos de apoyo.<\/p><\/li><\/ul><h3 data-start=\"1580\" data-end=\"1606\">Carga desproporcionada<\/h3><p data-start=\"1607\" data-end=\"1619\">No aplica.<\/p><h3 data-start=\"1621\" data-end=\"1664\">Contenido no incluido en la legislaci\u00f3n<\/h3><p data-start=\"1665\" data-end=\"1821\">Podr\u00edan existir documentos PDF u ofim\u00e1ticos publicados antes del 20 de septiembre de 2018 que no cumplan \u00edntegramente con los requisitos de accesibilidad.<\/p><p data-start=\"1665\" data-end=\"1821\">\u00a0<\/p><hr data-start=\"1823\" data-end=\"1826\" \/><h2 data-start=\"1828\" data-end=\"1869\">\u00a0<\/h2><h2 data-start=\"1828\" data-end=\"1869\">Preparaci\u00f3n de la presente declaraci\u00f3n<\/h2><p data-start=\"1870\" data-end=\"1992\">La presente declaraci\u00f3n fue preparada el <strong data-start=\"1911\" data-end=\"1925\">03\/10\/2025<\/strong> mediante una <strong data-start=\"1939\" data-end=\"1957\">autoevaluaci\u00f3n<\/strong> realizada por la propia entidad.<\/p><p data-start=\"1994\" data-end=\"2046\">\u00daltima revisi\u00f3n de la declaraci\u00f3n: <strong data-start=\"2029\" data-end=\"2043\">03\/10\/2025<\/strong>.<\/p><p data-start=\"1994\" data-end=\"2046\">\u00a0<\/p><hr data-start=\"2048\" data-end=\"2051\" \/><h2 data-start=\"2053\" data-end=\"2089\">\u00a0<\/h2><h2 data-start=\"2053\" data-end=\"2089\">Observaciones y datos de contacto<\/h2><p data-start=\"2090\" data-end=\"2216\">Puedes realizar comunicaciones relacionadas con requisitos de accesibilidad (art. 10.2.a del RD 1112\/2018) como por ejemplo:<\/p><ul data-start=\"2218\" data-end=\"2432\"><li data-start=\"2218\" data-end=\"2298\"><p data-start=\"2220\" data-end=\"2298\">Informar sobre cualquier posible incumplimiento por parte de este sitio web.<\/p><\/li><li data-start=\"2299\" data-end=\"2356\"><p data-start=\"2301\" data-end=\"2356\">Transmitir otras dificultades de acceso al contenido.<\/p><\/li><li data-start=\"2357\" data-end=\"2432\"><p data-start=\"2359\" data-end=\"2432\">Formular consultas o sugerencias de mejora en materia de accesibilidad.<\/p><\/li><\/ul><p data-start=\"2434\" data-end=\"2499\">A trav\u00e9s del correo electr\u00f3nico: <strong data-start=\"2467\" data-end=\"2497\"><a class=\"decorated-link cursor-pointer\" rel=\"noopener\" data-start=\"2469\" data-end=\"2495\">info@caracaselvendrell.com<\/a><\/strong><\/p><p data-start=\"2434\" data-end=\"2499\">\u00a0<\/p><hr data-start=\"2501\" data-end=\"2504\" \/><h2 data-start=\"2506\" data-end=\"2527\">\u00a0<\/h2><h2 data-start=\"2506\" data-end=\"2527\">Contenido opcional<\/h2><p data-start=\"2528\" data-end=\"2649\">Este sitio web aplica los requisitos de la <strong data-start=\"2571\" data-end=\"2599\">Norma UNE-EN 301549:2022<\/strong>, considerando las excepciones del RD 1112\/2018.<\/p><p data-start=\"2651\" data-end=\"2871\">El sitio est\u00e1 optimizado para su uso en navegadores modernos (Chrome, Firefox, Safari, Edge) y dise\u00f1ado en formato <strong data-start=\"2766\" data-end=\"2780\">responsive<\/strong>, garantizando una correcta visualizaci\u00f3n en ordenadores, tablets y dispositivos m\u00f3viles.<\/p>\t\t\t\t\t\t\t\t<\/div>\n\t\t\t\t\t<\/div>\n\t\t\t\t<\/div>\n\t\t\t\t<\/div>","protected":false},"excerpt":{"rendered":"<p>Declaraci\u00f3n de Accesibilidad \u2013 Cafeter\u00eda Caracas del Vendrell La entidad Cafeter\u00eda Caracas del Vendrell se ha comprometido a hacer accesible su sitio web de conformidad con el Real Decreto 1112\/2018, de 7 de septiembre, sobre accesibilidad de los sitios web y aplicaciones para dispositivos m\u00f3viles del sector p\u00fablico. La presente declaraci\u00f3n de accesibilidad se aplica [&hellip;]<\/p>\n","protected":false},"author":1,"featured_media":0,"parent":0,"menu_order":0,"comment_status":"closed","ping_status":"closed","template":"","meta":{"footnotes":""},"class_list":["post-5757","page","type-page","status-publish","hentry"],"_links":{"self":[{"href":"https:\/\/caracaselvendrell.com\/ca\/wp-json\/wp\/v2\/pages\/5757","targetHints":{"allow":["GET"]}}],"collection":[{"href":"https:\/\/caracaselvendrell.com\/ca\/wp-json\/wp\/v2\/pages"}],"about":[{"href":"https:\/\/caracaselvendrell.com\/ca\/wp-json\/wp\/v2\/types\/page"}],"author":[{"embeddable":true,"href":"https:\/\/caracaselvendrell.com\/ca\/wp-json\/wp\/v2\/users\/1"}],"replies":[{"embeddable":true,"href":"https:\/\/caracaselvendrell.com\/ca\/wp-json\/wp\/v2\/comments?post=5757"}],"version-history":[{"count":4,"href":"https:\/\/caracaselvendrell.com\/ca\/wp-json\/wp\/v2\/pages\/5757\/revisions"}],"predecessor-version":[{"id":6115,"href":"https:\/\/caracaselvendrell.com\/ca\/wp-json\/wp\/v2\/pages\/5757\/revisions\/6115"}],"wp:attachment":[{"href":"https:\/\/caracaselvendrell.com\/ca\/wp-json\/wp\/v2\/media?parent=5757"}],"curies":[{"name":"wp","href":"https:\/\/api.w.org\/{rel}","templated":true}]}}